{"id":553,"date":"2022-01-07T12:41:17","date_gmt":"2022-01-07T12:41:17","guid":{"rendered":"http:\/\/www.hoyhtyanhierontapiste.fi\/?page_id=553"},"modified":"2022-01-07T12:56:33","modified_gmt":"2022-01-07T12:56:33","slug":"varaa-aika","status":"publish","type":"page","link":"https:\/\/www.hoyhtyanhierontapiste.fi\/?page_id=553","title":{"rendered":"Varaa aika"},"content":{"rendered":"\n<div class=\"wp-block-contact-form-7-contact-form-selector\">\n<div class=\"wpcf7 no-js\" id=\"wpcf7-f547-o1\" lang=\"fi\" dir=\"ltr\" data-wpcf7-id=\"547\">\n<div class=\"screen-reader-response\"><p role=\"status\" aria-live=\"polite\" aria-atomic=\"true\"><\/p> <ul><\/ul><\/div>\n<form action=\"\/index.php?rest_route=%2Fwp%2Fv2%2Fpages%2F553#wpcf7-f547-o1\" method=\"post\" class=\"wpcf7-form init\" aria-label=\"Yhteydenottolomake\" novalidate=\"novalidate\" data-status=\"init\">\n<fieldset class=\"hidden-fields-container\"><input type=\"hidden\" name=\"_wpcf7\" value=\"547\" \/><input type=\"hidden\" name=\"_wpcf7_version\" value=\"6.1.5\" \/><input type=\"hidden\" name=\"_wpcf7_locale\" value=\"fi\" \/><input type=\"hidden\" name=\"_wpcf7_unit_tag\" value=\"wpcf7-f547-o1\" \/><input type=\"hidden\" name=\"_wpcf7_container_post\" value=\"0\" \/><input type=\"hidden\" name=\"_wpcf7_posted_data_hash\" value=\"\" \/>\n<\/fieldset>\n<p><label> Nimesi<br \/>\n<span class=\"wpcf7-form-control-wrap\" data-name=\"nimi\"><input size=\"40\" maxlength=\"400\" class=\"wpcf7-form-control wpcf7-text wpcf7-validates-as-required\" aria-required=\"true\" aria-invalid=\"false\" value=\"\" type=\"text\" name=\"nimi\" \/><\/span><br \/>\n<\/label>\n<\/p>\n<p><label> Valitse haluamasi hieronta<br \/>\n<span class=\"wpcf7-form-control-wrap\" data-name=\"pituus\"><select class=\"wpcf7-form-control wpcf7-select wpcf7-validates-as-required\" aria-required=\"true\" aria-invalid=\"false\" name=\"pituus\"><option value=\"30min - 22\u20ac\">30min - 22\u20ac<\/option><option value=\"55min - 40\u20ac\">55min - 40\u20ac<\/option><option value=\"75min - 54\u20ac\">75min - 54\u20ac<\/option><option value=\"90min - 67\u20ac\">90min - 67\u20ac<\/option><\/select><\/span><br \/>\n<\/label>\n<\/p>\n<p><label> Valitse hieroja<br \/>\n<span class=\"wpcf7-form-control-wrap\" data-name=\"hieroja\"><select class=\"wpcf7-form-control wpcf7-select wpcf7-validates-as-required\" aria-required=\"true\" aria-invalid=\"false\" name=\"hieroja\"><option value=\"Ei merkityst\u00e4\">Ei merkityst\u00e4<\/option><option value=\"Jarno\">Jarno<\/option><option value=\"Miika\">Miika<\/option><\/select><\/span><br \/>\n<\/label>\n<\/p>\n<p><label> P\u00e4iv\u00e4m\u00e4\u00e4r\u00e4 muodossa: p\u00e4iv\u00e4-kuukausi-vuosi<br \/>\n<span class=\"wpcf7-form-control-wrap\" data-name=\"paivays\"><input class=\"wpcf7-form-control wpcf7-date wpcf7-validates-as-required wpcf7-validates-as-date\" aria-required=\"true\" aria-invalid=\"false\" value=\"\" type=\"date\" name=\"paivays\" \/><\/span><br \/>\n<\/label>\n<\/p>\n<p><label> Toivottu hieronnan aloitusaika<br \/>\n<span class=\"wpcf7-form-control-wrap\" data-name=\"aika\"><input size=\"40\" maxlength=\"400\" class=\"wpcf7-form-control wpcf7-text wpcf7-validates-as-required\" aria-required=\"true\" aria-invalid=\"false\" value=\"\" type=\"text\" name=\"aika\" \/><\/span><br \/>\n<\/label>\n<\/p>\n<p><label><br \/>\nS\u00e4hk\u00f6postiosoite ajan vahvistusta varten (jos et anna s\u00e4hk\u00f6postia, t\u00e4yt\u00e4 puhelinnumero!)<br \/>\n<span class=\"wpcf7-form-control-wrap\" data-name=\"email\"><input size=\"40\" maxlength=\"400\" class=\"wpcf7-form-control wpcf7-text\" aria-invalid=\"false\" value=\"\" type=\"text\" name=\"email\" \/><\/span><br \/>\n<\/label>\n<\/p>\n<p><label><br \/>\nPuhelinnumerosi (saat tekstiviestill\u00e4 vahvistuksen)<br \/>\n<span class=\"wpcf7-form-control-wrap\" data-name=\"puhelinnumero\"><input size=\"40\" maxlength=\"400\" class=\"wpcf7-form-control wpcf7-text\" aria-invalid=\"false\" value=\"\" type=\"text\" name=\"puhelinnumero\" \/><\/span><br \/>\n<\/label>\n<\/p>\n<p><input class=\"wpcf7-form-control wpcf7-submit has-spinner\" type=\"submit\" value=\"Varaa\" \/>\n<\/p><div class=\"wpcf7-response-output\" aria-hidden=\"true\"><\/div>\n<\/form>\n<\/div>\n<\/div>\n\n\n\n<p><\/p>\n","protected":false},"excerpt":{"rendered":"","protected":false},"author":1,"featured_media":0,"parent":0,"menu_order":0,"comment_status":"closed","ping_status":"closed","template":"","meta":{"footnotes":""},"class_list":["post-553","page","type-page","status-publish","hentry"],"_links":{"self":[{"href":"https:\/\/www.hoyhtyanhierontapiste.fi\/index.php?rest_route=\/wp\/v2\/pages\/553","targetHints":{"allow":["GET"]}}],"collection":[{"href":"https:\/\/www.hoyhtyanhierontapiste.fi\/index.php?rest_route=\/wp\/v2\/pages"}],"about":[{"href":"https:\/\/www.hoyhtyanhierontapiste.fi\/index.php?rest_route=\/wp\/v2\/types\/page"}],"author":[{"embeddable":true,"href":"https:\/\/www.hoyhtyanhierontapiste.fi\/index.php?rest_route=\/wp\/v2\/users\/1"}],"replies":[{"embeddable":true,"href":"https:\/\/www.hoyhtyanhierontapiste.fi\/index.php?rest_route=%2Fwp%2Fv2%2Fcomments&post=553"}],"version-history":[{"count":2,"href":"https:\/\/www.hoyhtyanhierontapiste.fi\/index.php?rest_route=\/wp\/v2\/pages\/553\/revisions"}],"predecessor-version":[{"id":555,"href":"https:\/\/www.hoyhtyanhierontapiste.fi\/index.php?rest_route=\/wp\/v2\/pages\/553\/revisions\/555"}],"wp:attachment":[{"href":"https:\/\/www.hoyhtyanhierontapiste.fi\/index.php?rest_route=%2Fwp%2Fv2%2Fmedia&parent=553"}],"curies":[{"name":"wp","href":"https:\/\/api.w.org\/{rel}","templated":true}]}}