{"id":2,"date":"2012-01-15T20:02:37","date_gmt":"2012-01-15T20:02:37","guid":{"rendered":"http:\/\/monk.webholder.net\/~hoyhtyan\/?page_id=2"},"modified":"2025-11-04T17:22:43","modified_gmt":"2025-11-04T17:22:43","slug":"esimerkkisivu","status":"publish","type":"page","link":"https:\/\/www.hoyhtyanhierontapiste.fi\/?page_id=2","title":{"rendered":"Ajanvaraus"},"content":{"rendered":"<p>Voit varata Miikalle aikoja arkisin klo 8.30-21.00 ja Jarnolle arkisin klo 8.30-18.\u00a0 Emme vastaanota en\u00e4\u00e4 nettiajanvarauksia.<strong>Varaukset muina aikoina esim lauantaina erikseen sopimalla. <\/strong>OLEMME TOIMITILASSA YLEENS\u00c4 VAIN KUN ON HIERONTAA. HIERONNAN AIKANA PID\u00c4MME OVEN KIINNI<span style=\"color: #000000;\"><b>.<\/b><\/span><\/p>\n<p>Voit varata ajan soittamalla tai tekstiviestill\u00e4: 044 292 8950<\/p>\n<p>VARAUKSET TEKSTIVIESTILL\u00c4 TAI PUHELIMITSE!<\/p>\n<p><strong>HUOM! Peruthan aikasi viimeist\u00e4\u00e4n edellisen\u00e4 p\u00e4iv\u00e4n\u00e4 jos et p\u00e4\u00e4se paikalle. Joudumme veloittamaan t\u00e4yden hinnan peruuttamattomista ajoista.<\/strong><\/p>\n\n\n<div class=\"wp-block-contact-form-7-contact-form-selector\"><p class=\"wpcf7-contact-form-not-found\"><strong>Virhe:<\/strong> Yhteydenottolomaketta ei l\u00f6ytynyt.<\/p><\/div>\n","protected":false},"excerpt":{"rendered":"<p>Voit varata Miikalle aikoja arkisin klo 8.30-21.00 ja Jarnolle arkisin klo 8.30-18.\u00a0 Emme vastaanota en\u00e4\u00e4 nettiajanvarauksia.Varaukset muina aikoina esim lauantaina erikseen sopimalla. OLEMME TOIMITILASSA YLEENS\u00c4 VAIN KUN ON HIERONTAA. HIERONNAN AIKANA PID\u00c4MME OVEN KIINNI. Voit varata ajan soittamalla tai tekstiviestill\u00e4: &hellip; <a href=\"https:\/\/www.hoyhtyanhierontapiste.fi\/?page_id=2\">Lue loppuun <span class=\"meta-nav\">&rarr;<\/span><\/a><\/p>\n","protected":false},"author":1,"featured_media":0,"parent":0,"menu_order":3,"comment_status":"open","ping_status":"closed","template":"","meta":{"footnotes":""},"class_list":["post-2","page","type-page","status-publish","hentry"],"_links":{"self":[{"href":"https:\/\/www.hoyhtyanhierontapiste.fi\/index.php?rest_route=\/wp\/v2\/pages\/2","targetHints":{"allow":["GET"]}}],"collection":[{"href":"https:\/\/www.hoyhtyanhierontapiste.fi\/index.php?rest_route=\/wp\/v2\/pages"}],"about":[{"href":"https:\/\/www.hoyhtyanhierontapiste.fi\/index.php?rest_route=\/wp\/v2\/types\/page"}],"author":[{"embeddable":true,"href":"https:\/\/www.hoyhtyanhierontapiste.fi\/index.php?rest_route=\/wp\/v2\/users\/1"}],"replies":[{"embeddable":true,"href":"https:\/\/www.hoyhtyanhierontapiste.fi\/index.php?rest_route=%2Fwp%2Fv2%2Fcomments&post=2"}],"version-history":[{"count":58,"href":"https:\/\/www.hoyhtyanhierontapiste.fi\/index.php?rest_route=\/wp\/v2\/pages\/2\/revisions"}],"predecessor-version":[{"id":734,"href":"https:\/\/www.hoyhtyanhierontapiste.fi\/index.php?rest_route=\/wp\/v2\/pages\/2\/revisions\/734"}],"wp:attachment":[{"href":"https:\/\/www.hoyhtyanhierontapiste.fi\/index.php?rest_route=%2Fwp%2Fv2%2Fmedia&parent=2"}],"curies":[{"name":"wp","href":"https:\/\/api.w.org\/{rel}","templated":true}]}}